{"id":54,"date":"2020-11-24T11:36:56","date_gmt":"2020-11-24T10:36:56","guid":{"rendered":"http:\/\/neuro-terapia.pl\/?page_id=54"},"modified":"2025-03-14T14:33:31","modified_gmt":"2025-03-14T13:33:31","slug":"kontakt-2","status":"publish","type":"page","link":"https:\/\/neuro-terapia.pl\/index.php\/kontakt-2\/","title":{"rendered":"Kontakt"},"content":{"rendered":"\n<h3>Sara Matecka<\/h3>\n\n\n\n<figure class=\"wp-block-table is-style-regular\"><table><tbody><tr><td>Telefon:<\/td><td><strong><a href=\"tel:726465245\" data-type=\"tel\" data-id=\"tel:726465245\" target=\"_blank\" rel=\"noreferrer noopener\">726 465 245&nbsp;<\/a><\/strong><\/td><\/tr><tr><td>E-mail:<\/td><td><a rel=\"noreferrer noopener\" href=\"mailto:kontakt.neuroterapia@gmail.com\" target=\"_blank\"><strong>kontakt.neuroterapia@gmail.com<\/strong><\/a><\/td><\/tr><tr><td>NIP<\/td><td>8891494113<\/td><\/tr><\/tbody><\/table><\/figure>\n\n\n\n<hr class=\"wp-block-separator\"\/>\n\n\n\n<div class=\"wp-block-columns\">\n<div class=\"wp-block-column\">\n<h3 id=\"block-19632de1-ab15-4bd3-b0b8-ddb1d0d0281c\">Gabinet Fizjoterapii Neurologicznej Rataje<\/h3>\n\n\n\n<p>Dom Studencki nr 2 Politechniki Pozna\u0144skiej<\/p>\n\n\n\n<figure class=\"wp-block-table is-style-regular\"><table><tbody><tr><td>Adres:<\/td><td><strong>ul. \u015bw. Jana Paw\u0142a II 26\/28, <br>61-139 Pozna\u0144<\/strong><\/td><\/tr><\/tbody><\/table><\/figure>\n\n\n\n<iframe src=\"https:\/\/www.google.com\/maps\/embed?pb=!1m18!1m12!1m3!1d383.37612013863367!2d16.952902488552386!3d52.40147888902604!2m3!1f0!2f0!3f0!3m2!1i1024!2i768!4f13.1!3m3!1m2!1s0x47045ba7a1675d99%3A0x4f8e0329dfd860e5!2sFizjoterapia%20Neurologiczna!5e0!3m2!1spl!2spl!4v1741777913985!5m2!1spl!2spl\" width=\"600\" height=\"450\" style=\"border:0;\" allowfullscreen=\"\" loading=\"lazy\" referrerpolicy=\"no-referrer-when-downgrade\"><\/iframe>\n\n\n\n<p>  <\/p>\n<\/div>\n\n\n\n<div class=\"wp-block-column\">\n<h3 id=\"block-19632de1-ab15-4bd3-b0b8-ddb1d0d0281c\">Centrum Medyczne NeuroTeam<\/h3>\n\n\n\n<figure class=\"wp-block-table is-style-regular\"><table><tbody><tr><td>Adres:<\/td><td><strong>\u015awi\u0119tego Wawrzy\u0144ca 3B\/U1, <\/strong><br><strong>60-539 Pozna\u0144<\/strong><\/td><\/tr><tr><td>Telefon:<\/td><td>61 898 79 60<\/td><\/tr><\/tbody><\/table><\/figure>\n\n\n\n<iframe src=\"https:\/\/www.google.com\/maps\/embed?pb=!1m18!1m12!1m3!1d608.362365747178!2d16.903946206258084!3d52.41665694997772!2m3!1f0!2f0!3f0!3m2!1i1024!2i768!4f13.1!3m3!1m2!1s0x470444b6bffa0903%3A0x9f0ec0b0e3028c54!2sCentrum%20Medyczne%20NeuroTeam!5e0!3m2!1spl!2spl!4v1741958961100!5m2!1spl!2spl\" width=\"600\" height=\"450\" style=\"border:0;\" allowfullscreen=\"\" loading=\"lazy\" referrerpolicy=\"no-referrer-when-downgrade\"><\/iframe>\n\n\n\n\n\n<p>  <\/p>\n<\/div>\n<\/div>\n\n\n\n<p><\/p>\n","protected":false},"excerpt":{"rendered":"<p>Sara Matecka Telefon: 726 465 245&nbsp; E-mail: kontakt.neuroterapia@gmail.com NIP 8891494113 Gabinet Fizjoterapii Neurologicznej Rataje Dom Studencki nr 2 Politechniki Pozna\u0144skiej Adres: ul. \u015bw. Jana Paw\u0142a II 26\/28, 61-139 Pozna\u0144 Centrum Medyczne NeuroTeam Adres: \u015awi\u0119tego Wawrzy\u0144ca 3B\/U1, 60-539 Pozna\u0144 Telefon: 61 898 79 60<\/p>\n","protected":false},"author":1,"featured_media":0,"parent":0,"menu_order":0,"comment_status":"closed","ping_status":"closed","template":"","meta":[],"_links":{"self":[{"href":"https:\/\/neuro-terapia.pl\/index.php\/wp-json\/wp\/v2\/pages\/54"}],"collection":[{"href":"https:\/\/neuro-terapia.pl\/index.php\/wp-json\/wp\/v2\/pages"}],"about":[{"href":"https:\/\/neuro-terapia.pl\/index.php\/wp-json\/wp\/v2\/types\/page"}],"author":[{"embeddable":true,"href":"https:\/\/neuro-terapia.pl\/index.php\/wp-json\/wp\/v2\/users\/1"}],"replies":[{"embeddable":true,"href":"https:\/\/neuro-terapia.pl\/index.php\/wp-json\/wp\/v2\/comments?post=54"}],"version-history":[{"count":72,"href":"https:\/\/neuro-terapia.pl\/index.php\/wp-json\/wp\/v2\/pages\/54\/revisions"}],"predecessor-version":[{"id":787,"href":"https:\/\/neuro-terapia.pl\/index.php\/wp-json\/wp\/v2\/pages\/54\/revisions\/787"}],"wp:attachment":[{"href":"https:\/\/neuro-terapia.pl\/index.php\/wp-json\/wp\/v2\/media?parent=54"}],"curies":[{"name":"wp","href":"https:\/\/api.w.org\/{rel}","templated":true}]}}